{"id":6230,"date":"2026-01-07T20:16:13","date_gmt":"2026-01-07T23:16:13","guid":{"rendered":"https:\/\/capoeiraibce.org\/?page_id=6230"},"modified":"2026-03-23T14:44:26","modified_gmt":"2026-03-23T17:44:26","slug":"interno","status":"publish","type":"page","link":"https:\/\/capoeiraibce.org\/en\/interno\/","title":{"rendered":"Site interno"},"content":{"rendered":"<div data-elementor-type=\"wp-page\" data-elementor-id=\"6230\" class=\"elementor elementor-6230\">\n\t\t\t\t<div class=\"elementor-element elementor-element-ff656bc e-flex e-con-boxed e-con e-parent\" data-id=\"ff656bc\" data-element_type=\"container\" data-e-type=\"container\">\n\t\t\t\t\t<div class=\"e-con-inner\">\n\t\t\t\t<div class=\"elementor-element elementor-element-f62ff40 elementor-widget elementor-widget-image\" data-id=\"f62ff40\" data-element_type=\"widget\" data-e-type=\"widget\" data-widget_type=\"image.default\">\n\t\t\t\t<div class=\"elementor-widget-container\">\n\t\t\t\t\t\t\t\t\t\t\t\t\t\t\t<img fetchpriority=\"high\" decoding=\"async\" width=\"1200\" height=\"252\" src=\"https:\/\/capoeiraibce.org\/wp-content\/uploads\/2026\/01\/site-interno-1200x252.jpg\" class=\"attachment-large size-large wp-image-6251\" alt=\"\" srcset=\"https:\/\/capoeiraibce.org\/wp-content\/uploads\/2026\/01\/site-interno-1200x252.jpg 1200w, https:\/\/capoeiraibce.org\/wp-content\/uploads\/2026\/01\/site-interno-300x63.jpg 300w, https:\/\/capoeiraibce.org\/wp-content\/uploads\/2026\/01\/site-interno-768x162.jpg 768w, https:\/\/capoeiraibce.org\/wp-content\/uploads\/2026\/01\/site-interno-18x4.jpg 18w, https:\/\/capoeiraibce.org\/wp-content\/uploads\/2026\/01\/site-interno.jpg 1526w\" sizes=\"(max-width: 1200px) 100vw, 1200px\" \/>\t\t\t\t\t\t\t\t\t\t\t\t\t\t\t<\/div>\n\t\t\t\t<\/div>\n\t\t\t\t\t<\/div>\n\t\t\t\t<\/div>\n\t\t<div class=\"elementor-element elementor-element-5916abc e-flex e-con-boxed e-con e-parent\" data-id=\"5916abc\" data-element_type=\"container\" data-e-type=\"container\">\n\t\t\t\t\t<div class=\"e-con-inner\">\n\t\t<div class=\"elementor-element elementor-element-1c9f98f e-con-full e-flex e-con e-child\" data-id=\"1c9f98f\" data-element_type=\"container\" data-e-type=\"container\">\n\t\t\t\t<div class=\"elementor-element elementor-element-c414b60 elementor-button-info elementor-widget elementor-widget-button\" data-id=\"c414b60\" data-element_type=\"widget\" data-e-type=\"widget\" data-widget_type=\"button.default\">\n\t\t\t\t<div class=\"elementor-widget-container\">\n\t\t\t\t\t\t\t\t\t<div class=\"elementor-button-wrapper\">\n\t\t\t\t\t<a class=\"elementor-button elementor-button-link elementor-size-sm\" href=\"https:\/\/sites.google.com\/view\/capoeiraibce\" target=\"_blank\" rel=\"noopener noreferrer nofollow\">\n\t\t\t\t\t\t<span class=\"elementor-button-content-wrapper\">\n\t\t\t\t\t\t\t\t\t<span class=\"elementor-button-text\">Acessar site interno do IBCE<\/span>\n\t\t\t\t\t<\/span>\n\t\t\t\t\t<\/a>\n\t\t\t\t<\/div>\n\t\t\t\t\t\t\t\t<\/div>\n\t\t\t\t<\/div>\n\t\t\t\t<div class=\"elementor-element elementor-element-6fbd7f7 elementor-widget elementor-widget-heading\" data-id=\"6fbd7f7\" data-element_type=\"widget\" data-e-type=\"widget\" data-widget_type=\"heading.default\">\n\t\t\t\t<div class=\"elementor-widget-container\">\n\t\t\t\t\t<div class=\"elementor-heading-title elementor-size-default\">\u26a0\ufe0fPara acessar o site interno \u00e9 necess\u00e1rio estar logado no navegador com o Gmail que voc\u00ea utiliza para trabalhar no IBCE!<\/div>\t\t\t\t<\/div>\n\t\t\t\t<\/div>\n\t\t\t\t<\/div>\n\t\t<div class=\"elementor-element elementor-element-da04653 e-con-full e-flex e-con e-child\" data-id=\"da04653\" data-element_type=\"container\" data-e-type=\"container\">\n\t\t\t\t<div class=\"elementor-element elementor-element-9fc0b30 elementor-widget elementor-widget-heading\" data-id=\"9fc0b30\" data-element_type=\"widget\" data-e-type=\"widget\" data-widget_type=\"heading.default\">\n\t\t\t\t<div class=\"elementor-widget-container\">\n\t\t\t\t\t<div class=\"elementor-heading-title elementor-size-default\"><span>A p\u00e1gina inicial do site interno \u00e9 similar a essa imagem:<\/span><\/div>\t\t\t\t<\/div>\n\t\t\t\t<\/div>\n\t\t\t\t<div class=\"elementor-element elementor-element-0b4284b elementor-widget elementor-widget-image\" data-id=\"0b4284b\" data-element_type=\"widget\" data-e-type=\"widget\" data-widget_type=\"image.default\">\n\t\t\t\t<div class=\"elementor-widget-container\">\n\t\t\t\t\t\t\t\t\t\t\t\t\t\t\t<img decoding=\"async\" width=\"1200\" height=\"617\" src=\"https:\/\/capoeiraibce.org\/wp-content\/uploads\/2026\/03\/Site-interno-imagem-1200x617.jpg\" class=\"attachment-large size-large wp-image-6439\" alt=\"\" srcset=\"https:\/\/capoeiraibce.org\/wp-content\/uploads\/2026\/03\/Site-interno-imagem-1200x617.jpg 1200w, https:\/\/capoeiraibce.org\/wp-content\/uploads\/2026\/03\/Site-interno-imagem-300x154.jpg 300w, https:\/\/capoeiraibce.org\/wp-content\/uploads\/2026\/03\/Site-interno-imagem-768x395.jpg 768w, https:\/\/capoeiraibce.org\/wp-content\/uploads\/2026\/03\/Site-interno-imagem-1536x789.jpg 1536w, https:\/\/capoeiraibce.org\/wp-content\/uploads\/2026\/03\/Site-interno-imagem-18x9.jpg 18w, https:\/\/capoeiraibce.org\/wp-content\/uploads\/2026\/03\/Site-interno-imagem.jpg 1909w\" sizes=\"(max-width: 1200px) 100vw, 1200px\" \/>\t\t\t\t\t\t\t\t\t\t\t\t\t\t\t<\/div>\n\t\t\t\t<\/div>\n\t\t\t\t<div class=\"elementor-element elementor-element-485765d elementor-widget elementor-widget-heading\" data-id=\"485765d\" data-element_type=\"widget\" data-e-type=\"widget\" data-widget_type=\"heading.default\">\n\t\t\t\t<div class=\"elementor-widget-container\">\n\t\t\t\t\t<div class=\"elementor-heading-title elementor-size-default\"><span>Caso seja exibida uma mensagem de erro quando voc\u00ea acessar, logue no gmail que voc\u00ea utiliza para trabalhar no IBCE primeiro, depois acesse novamente!<\/span><span><\/span><\/div>\t\t\t\t<\/div>\n\t\t\t\t<\/div>\n\t\t\t\t<div class=\"elementor-element elementor-element-4773ef9 elementor-button-warning elementor-widget elementor-widget-button\" data-id=\"4773ef9\" data-element_type=\"widget\" data-e-type=\"widget\" data-widget_type=\"button.default\">\n\t\t\t\t<div class=\"elementor-widget-container\">\n\t\t\t\t\t\t\t\t\t<div class=\"elementor-button-wrapper\">\n\t\t\t\t\t<a class=\"elementor-button elementor-button-link elementor-size-sm\" href=\"http:\/\/gmail.com\" target=\"_blank\" rel=\"noopener noreferrer nofollow\">\n\t\t\t\t\t\t<span class=\"elementor-button-content-wrapper\">\n\t\t\t\t\t\t\t\t\t<span class=\"elementor-button-text\">Acessar Gmail<\/span>\n\t\t\t\t\t<\/span>\n\t\t\t\t\t<\/a>\n\t\t\t\t<\/div>\n\t\t\t\t\t\t\t\t<\/div>\n\t\t\t\t<\/div>\n\t\t\t\t<\/div>\n\t\t\t\t\t<\/div>\n\t\t\t\t<\/div>\n\t\t\t\t<\/div>","protected":false},"excerpt":{"rendered":"<p>Acessar site interno do IBCE \u26a0\ufe0fPara acessar o site interno \u00e9 necess\u00e1rio estar logado no navegador com o Gmail que voc\u00ea utiliza para trabalhar no IBCE! A p\u00e1gina inicial do site interno \u00e9 similar a essa imagem: Caso seja exibida uma mensagem de erro quando voc\u00ea acessar, logue no gmail que voc\u00ea utiliza para trabalhar [&hellip;]<\/p>\n","protected":false},"author":4,"featured_media":6251,"parent":0,"menu_order":0,"comment_status":"closed","ping_status":"closed","template":"","meta":{"footnotes":""},"class_list":["post-6230","page","type-page","status-publish","has-post-thumbnail","hentry"],"blocksy_meta":{"disable_share_box":"yes","styles_descriptor":{"styles":{"desktop":"","tablet":"","mobile":""},"google_fonts":[],"version":6},"disable_header":"yes","disable_featured_image":"no","page_structure_type":"type-3","has_hero_section":"disabled","hero_elements":[{"id":"custom_title","enabled":true,"heading_tag":"h1","title":"Home","__id":"LldwnJ-w4GygpwAB6008q"},{"id":"custom_description","enabled":true,"description_visibility":{"desktop":true,"tablet":true,"mobile":false},"__id":"p98g2vaGL15H_PhPkHOo4"},{"id":"custom_meta","enabled":false,"meta_elements":[{"id":"author","enabled":true,"label":"Por","has_author_avatar":"yes","avatar_size":25},{"id":"post_date","enabled":true,"label":"Ligar","date_format_source":"default","date_format":"M j, Y"},{"id":"updated_date","enabled":false,"label":"Ligar","date_format_source":"default","date_format":"M j, Y"},{"id":"categories","enabled":false,"label":"Em","style":"simple"},{"id":"comments","enabled":true}],"page_meta_elements":{"joined":true,"articles_count":true,"comments":true},"__id":"tKIBlKIH3ze6_mN1w_b4z"},{"id":"breadcrumbs","enabled":false,"__id":"WNEsqb_RUH5OumwTXpp3g"}],"hero_margin":"0px"},"_links":{"self":[{"href":"https:\/\/capoeiraibce.org\/en\/wp-json\/wp\/v2\/pages\/6230","targetHints":{"allow":["GET"]}}],"collection":[{"href":"https:\/\/capoeiraibce.org\/en\/wp-json\/wp\/v2\/pages"}],"about":[{"href":"https:\/\/capoeiraibce.org\/en\/wp-json\/wp\/v2\/types\/page"}],"author":[{"embeddable":true,"href":"https:\/\/capoeiraibce.org\/en\/wp-json\/wp\/v2\/users\/4"}],"replies":[{"embeddable":true,"href":"https:\/\/capoeiraibce.org\/en\/wp-json\/wp\/v2\/comments?post=6230"}],"version-history":[{"count":0,"href":"https:\/\/capoeiraibce.org\/en\/wp-json\/wp\/v2\/pages\/6230\/revisions"}],"wp:featuredmedia":[{"embeddable":true,"href":"https:\/\/capoeiraibce.org\/en\/wp-json\/wp\/v2\/media\/6251"}],"wp:attachment":[{"href":"https:\/\/capoeiraibce.org\/en\/wp-json\/wp\/v2\/media?parent=6230"}],"curies":[{"name":"wp","href":"https:\/\/api.w.org\/{rel}","templated":true}]}}