{"id":3228,"date":"2023-06-09T18:13:03","date_gmt":"2023-06-09T21:13:03","guid":{"rendered":"https:\/\/capoeiraibce.org\/?page_id=3228"},"modified":"2025-09-15T12:39:08","modified_gmt":"2025-09-15T15:39:08","slug":"escola","status":"publish","type":"page","link":"https:\/\/capoeiraibce.org\/en\/escola\/","title":{"rendered":"Escola de Capoeira-Educa\u00e7\u00e3o do IBCE"},"content":{"rendered":"<div data-elementor-type=\"wp-page\" data-elementor-id=\"3228\" class=\"elementor elementor-3228\">\n\t\t\t\t\t\t<section class=\"elementor-section elementor-top-section elementor-element elementor-element-2bfea734 elementor-section-boxed elementor-section-height-default elementor-section-height-default\" data-id=\"2bfea734\" data-element_type=\"section\" data-e-type=\"section\">\n\t\t\t\t\t\t<div class=\"elementor-container elementor-column-gap-default\">\n\t\t\t\t\t<div class=\"elementor-column elementor-col-50 elementor-top-column elementor-element elementor-element-46d2632c\" data-id=\"46d2632c\" data-element_type=\"column\" data-e-type=\"column\">\n\t\t\t<div class=\"elementor-widget-wrap elementor-element-populated\">\n\t\t\t\t\t\t<div class=\"elementor-element elementor-element-44035cb3 elementor-widget elementor-widget-heading\" data-id=\"44035cb3\" data-element_type=\"widget\" data-e-type=\"widget\" data-widget_type=\"heading.default\">\n\t\t\t\t<div class=\"elementor-widget-container\">\n\t\t\t\t\t<h1 class=\"elementor-heading-title elementor-size-default\">Escola de Capoeira-Educa\u00e7\u00e3o do IBCE<\/h1>\t\t\t\t<\/div>\n\t\t\t\t<\/div>\n\t\t\t\t<div class=\"elementor-element elementor-element-2dd235e7 elementor-widget elementor-widget-text-editor\" data-id=\"2dd235e7\" data-element_type=\"widget\" data-e-type=\"widget\" data-widget_type=\"text-editor.default\">\n\t\t\t\t<div class=\"elementor-widget-container\">\n\t\t\t\t\t\t\t\t\t<p>Projeto social, sediado no Morro da Babil\u00f4nia &#8211; RJ, com o objetivo de desenvolver o potencial social, cultural, f\u00edsico e musical de crian\u00e7as e jovens!<\/p>\t\t\t\t\t\t\t\t<\/div>\n\t\t\t\t<\/div>\n\t\t\t\t\t<\/div>\n\t\t<\/div>\n\t\t\t\t<div class=\"elementor-column elementor-col-50 elementor-top-column elementor-element elementor-element-445823c2\" data-id=\"445823c2\" data-element_type=\"column\" data-e-type=\"column\">\n\t\t\t<div class=\"elementor-widget-wrap elementor-element-populated\">\n\t\t\t\t\t\t<div class=\"elementor-element elementor-element-a1fa717 elementor-widget elementor-widget-video\" data-id=\"a1fa717\" data-element_type=\"widget\" data-e-type=\"widget\" data-settings=\"{&quot;youtube_url&quot;:&quot;https:\\\/\\\/www.youtube.com\\\/watch?v=C3xIuRKvQU0&quot;,&quot;lazy_load&quot;:&quot;yes&quot;,&quot;video_type&quot;:&quot;youtube&quot;,&quot;controls&quot;:&quot;yes&quot;}\" data-widget_type=\"video.default\">\n\t\t\t\t<div class=\"elementor-widget-container\">\n\t\t\t\t\t\t\t<div class=\"elementor-wrapper elementor-open-inline\">\n\t\t\t<div class=\"elementor-video\"><\/div>\t\t<\/div>\n\t\t\t\t\t\t<\/div>\n\t\t\t\t<\/div>\n\t\t\t\t\t<\/div>\n\t\t<\/div>\n\t\t\t\t\t<\/div>\n\t\t<\/section>\n\t\t\t\t<section class=\"elementor-section elementor-top-section elementor-element elementor-element-7e548e76 elementor-section-boxed elementor-section-height-default elementor-section-height-default\" data-id=\"7e548e76\" data-element_type=\"section\" data-e-type=\"section\">\n\t\t\t\t\t\t<div class=\"elementor-container elementor-column-gap-default\">\n\t\t\t\t\t<div class=\"elementor-column elementor-col-100 elementor-top-column elementor-element elementor-element-798ea509\" data-id=\"798ea509\" data-element_type=\"column\" data-e-type=\"column\">\n\t\t\t<div class=\"elementor-widget-wrap elementor-element-populated\">\n\t\t\t\t\t\t<section class=\"elementor-section elementor-inner-section elementor-element elementor-element-34fa958e elementor-section-content-middle elementor-section-boxed elementor-section-height-default elementor-section-height-default\" data-id=\"34fa958e\" data-element_type=\"section\" data-e-type=\"section\">\n\t\t\t\t\t\t<div class=\"elementor-container elementor-column-gap-default\">\n\t\t\t\t\t<div class=\"elementor-column elementor-col-50 elementor-inner-column elementor-element elementor-element-1b8603b4\" data-id=\"1b8603b4\" data-element_type=\"column\" data-e-type=\"column\">\n\t\t\t<div class=\"elementor-widget-wrap elementor-element-populated\">\n\t\t\t\t\t\t<div class=\"elementor-element elementor-element-774729d7 elementor-widget elementor-widget-heading\" data-id=\"774729d7\" data-element_type=\"widget\" data-e-type=\"widget\" data-widget_type=\"heading.default\">\n\t\t\t\t<div class=\"elementor-widget-container\">\n\t\t\t\t\t<h5 class=\"elementor-heading-title elementor-size-default\">Meta 1 - R$15.000\n<\/h5>\t\t\t\t<\/div>\n\t\t\t\t<\/div>\n\t\t\t\t<div class=\"elementor-element elementor-element-1a0875b elementor-widget elementor-widget-text-editor\" data-id=\"1a0875b\" data-element_type=\"widget\" data-e-type=\"widget\" data-widget_type=\"text-editor.default\">\n\t\t\t\t<div class=\"elementor-widget-container\">\n\t\t\t\t\t\t\t\t\t<p>A meta da campanha \u00e9 conseguir arrecadar o suficiente para arcar com os custos mensais do projeto, como alimenta\u00e7\u00e3o dos adolescentes atendidos, produtos de limpeza para o espa\u00e7o, e as bolsas oferecidas para os adolescentes<\/p>\t\t\t\t\t\t\t\t<\/div>\n\t\t\t\t<\/div>\n\t\t\t\t\t<\/div>\n\t\t<\/div>\n\t\t\t\t<div class=\"elementor-column elementor-col-50 elementor-inner-column elementor-element elementor-element-136be2e5\" data-id=\"136be2e5\" data-element_type=\"column\" data-e-type=\"column\">\n\t\t\t<div class=\"elementor-widget-wrap elementor-element-populated\">\n\t\t\t\t\t\t<div class=\"elementor-element elementor-element-af1783a elementor-align-justify elementor-widget elementor-widget-button\" data-id=\"af1783a\" data-element_type=\"widget\" data-e-type=\"widget\" data-widget_type=\"button.default\">\n\t\t\t\t<div class=\"elementor-widget-container\">\n\t\t\t\t\t\t\t\t\t<div class=\"elementor-button-wrapper\">\n\t\t\t\t\t<a class=\"elementor-button elementor-button-link elementor-size-xl\" href=\"https:\/\/benfeitoria.com\/projeto\/escolaibce\" target=\"_blank\" rel=\"noopener noreferrer nofollow\">\n\t\t\t\t\t\t<span class=\"elementor-button-content-wrapper\">\n\t\t\t\t\t\t<span class=\"elementor-button-icon\">\n\t\t\t\t<i aria-hidden=\"true\" class=\"fas fa-heart\"><\/i>\t\t\t<\/span>\n\t\t\t\t\t\t\t\t\t<span class=\"elementor-button-text\">Quero assinar agora !!!<\/span>\n\t\t\t\t\t<\/span>\n\t\t\t\t\t<\/a>\n\t\t\t\t<\/div>\n\t\t\t\t\t\t\t\t<\/div>\n\t\t\t\t<\/div>\n\t\t\t\t\t<\/div>\n\t\t<\/div>\n\t\t\t\t\t<\/div>\n\t\t<\/section>\n\t\t\t\t\t<\/div>\n\t\t<\/div>\n\t\t\t\t\t<\/div>\n\t\t<\/section>\n\t\t\t\t<section class=\"elementor-section elementor-top-section elementor-element elementor-element-9046fa5 elementor-section-boxed elementor-section-height-default elementor-section-height-default\" data-id=\"9046fa5\" data-element_type=\"section\" data-e-type=\"section\">\n\t\t\t\t\t\t<div class=\"elementor-container elementor-column-gap-default\">\n\t\t\t\t\t<div class=\"elementor-column elementor-col-100 elementor-top-column elementor-element elementor-element-348a8f6\" data-id=\"348a8f6\" data-element_type=\"column\" data-e-type=\"column\">\n\t\t\t<div class=\"elementor-widget-wrap elementor-element-populated\">\n\t\t\t\t\t\t<div class=\"elementor-element elementor-element-5a18899 elementor-widget elementor-widget-spacer\" data-id=\"5a18899\" data-element_type=\"widget\" data-e-type=\"widget\" data-widget_type=\"spacer.default\">\n\t\t\t\t<div class=\"elementor-widget-container\">\n\t\t\t\t\t\t\t<div class=\"elementor-spacer\">\n\t\t\t<div class=\"elementor-spacer-inner\"><\/div>\n\t\t<\/div>\n\t\t\t\t\t\t<\/div>\n\t\t\t\t<\/div>\n\t\t\t\t<div class=\"elementor-element elementor-element-7b02be5 elementor-widget elementor-widget-text-editor\" data-id=\"7b02be5\" data-element_type=\"widget\" data-e-type=\"widget\" data-widget_type=\"text-editor.default\">\n\t\t\t\t<div class=\"elementor-widget-container\">\n\t\t\t\t\t\t\t\t\t<h4 class=\"tg-page-header__title\">Escola de Capoeira-Educa\u00e7\u00e3o do IBCE<\/h4><p>Voc\u00ea tem um sonho? Eu tenho um, que \u00e9 fazer um programa de Capoeira-Educa\u00e7\u00e3o voltado a jovens em situa\u00e7\u00e3o de risco social, para que eles desenvolvam suas habilidades e possam abrir novos projetos, se tornando multiplicadores!<\/p><p>Foi assim que nasceu a ideia da Escola de Capoeira-Educa\u00e7\u00e3o do IBCE, no morro da Babil\u00f4nia-RJ. Agora estamos com o desafio de manter e arcar com os custos do processo e precisamos da sua ajuda!<\/p><p>Abrimos um financiamento coletivo para funcionarmos de forma saud\u00e1vel e conseguir atender a todas as necessidades do projeto e das pessoas atendidas por ele.<\/p><p>Muita gente j\u00e1 est\u00e1 contribuindo e voc\u00ea poder\u00e1 fazer a diferen\u00e7a!\u00a0<\/p><p><strong>Para que serve essa campanha de crowdfunding?<\/strong><\/p><p>Para ajudar a financiar os custos mensais do projeto, tais como limpeza do espa\u00e7o (produtos), alimenta\u00e7\u00e3o dos adolescentes atendidos, equipamentos e servi\u00e7os necess\u00e1rios.<\/p><p><strong>Quanto tempo dura o projeto?<\/strong><\/p><p>A primeira etapa do projeto, que j\u00e1 est\u00e1 acontecendo, dura 1 ano. Nesse primeiro momento 16 adolescentes est\u00e3o sendo atendidos e preparados para serem multiplicadores e trabalharem no IBCE, num segundo momento. Portanto o projeto pretende renovar a quantidade de pessoas atendidas anualmente.<\/p><p><strong>Quais s\u00e3o as disciplinas abordadas no projeto?<\/strong><\/p><p>Al\u00e9m de capoeira, os jovens estudam educa\u00e7\u00e3o ambiental, inform\u00e1tica e habilidades em m\u00eddias sociais, m\u00fasica, comunica\u00e7\u00e3o, matem\u00e1tica entre muitas outras.<\/p><p><strong>Onde \u00e9 localizada?<\/strong><\/p><p>Na sede do IBCE, no Morro da Babil\u00f4nia &#8211; Rio de Janeiro.<\/p>\t\t\t\t\t\t\t\t<\/div>\n\t\t\t\t<\/div>\n\t\t\t\t<div class=\"elementor-element elementor-element-8ab159c elementor-align-justify elementor-widget elementor-widget-button\" data-id=\"8ab159c\" data-element_type=\"widget\" data-e-type=\"widget\" data-widget_type=\"button.default\">\n\t\t\t\t<div class=\"elementor-widget-container\">\n\t\t\t\t\t\t\t\t\t<div class=\"elementor-button-wrapper\">\n\t\t\t\t\t<a class=\"elementor-button elementor-button-link elementor-size-xl\" href=\"https:\/\/benfeitoria.com\/projeto\/escolaibce\" target=\"_blank\" rel=\"noopener noreferrer nofollow\">\n\t\t\t\t\t\t<span class=\"elementor-button-content-wrapper\">\n\t\t\t\t\t\t<span class=\"elementor-button-icon\">\n\t\t\t\t<i aria-hidden=\"true\" class=\"fas fa-heart\"><\/i>\t\t\t<\/span>\n\t\t\t\t\t\t\t\t\t<span class=\"elementor-button-text\">Quero assinar agora !!!<\/span>\n\t\t\t\t\t<\/span>\n\t\t\t\t\t<\/a>\n\t\t\t\t<\/div>\n\t\t\t\t\t\t\t\t<\/div>\n\t\t\t\t<\/div>\n\t\t\t\t\t<\/div>\n\t\t<\/div>\n\t\t\t\t\t<\/div>\n\t\t<\/section>\n\t\t\t\t<\/div>","protected":false},"excerpt":{"rendered":"<p>Escola de Capoeira-Educa\u00e7\u00e3o do IBCE Projeto social, sediado no Morro da Babil\u00f4nia &#8211; RJ, com o objetivo de desenvolver o potencial social, cultural, f\u00edsico e musical de crian\u00e7as e jovens! https:\/\/www.youtube.com\/watch?v=C3xIuRKvQU0 Meta 1 &#8211; R$15.000 A meta da campanha \u00e9 conseguir arrecadar o suficiente para arcar com os custos mensais do projeto, como alimenta\u00e7\u00e3o dos [&hellip;]<\/p>\n","protected":false},"author":3,"featured_media":0,"parent":0,"menu_order":0,"comment_status":"closed","ping_status":"closed","template":"elementor_header_footer","meta":{"footnotes":""},"class_list":["post-3228","page","type-page","status-publish","hentry"],"blocksy_meta":[],"_links":{"self":[{"href":"https:\/\/capoeiraibce.org\/en\/wp-json\/wp\/v2\/pages\/3228","targetHints":{"allow":["GET"]}}],"collection":[{"href":"https:\/\/capoeiraibce.org\/en\/wp-json\/wp\/v2\/pages"}],"about":[{"href":"https:\/\/capoeiraibce.org\/en\/wp-json\/wp\/v2\/types\/page"}],"author":[{"embeddable":true,"href":"https:\/\/capoeiraibce.org\/en\/wp-json\/wp\/v2\/users\/3"}],"replies":[{"embeddable":true,"href":"https:\/\/capoeiraibce.org\/en\/wp-json\/wp\/v2\/comments?post=3228"}],"version-history":[{"count":0,"href":"https:\/\/capoeiraibce.org\/en\/wp-json\/wp\/v2\/pages\/3228\/revisions"}],"wp:attachment":[{"href":"https:\/\/capoeiraibce.org\/en\/wp-json\/wp\/v2\/media?parent=3228"}],"curies":[{"name":"wp","href":"https:\/\/api.w.org\/{rel}","templated":true}]}}