{"id":1526,"date":"2022-10-05T11:13:11","date_gmt":"2022-10-05T14:13:11","guid":{"rendered":"https:\/\/capoeiraibce.org\/?page_id=1526"},"modified":"2025-09-15T12:38:58","modified_gmt":"2025-09-15T15:38:58","slug":"escola-old","status":"publish","type":"page","link":"https:\/\/capoeiraibce.org\/en\/escola-old\/","title":{"rendered":"Escola"},"content":{"rendered":"\t\t<div data-elementor-type=\"wp-page\" data-elementor-id=\"1526\" class=\"elementor elementor-1526\">\n\t\t\t\t\t\t<section class=\"elementor-section elementor-top-section elementor-element elementor-element-79fd109 elementor-section-boxed elementor-section-height-default elementor-section-height-default\" data-id=\"79fd109\" data-element_type=\"section\" data-e-type=\"section\">\n\t\t\t\t\t\t<div class=\"elementor-container elementor-column-gap-default\">\n\t\t\t\t\t<div class=\"elementor-column elementor-col-50 elementor-top-column elementor-element elementor-element-5cb0e2c\" data-id=\"5cb0e2c\" data-element_type=\"column\" data-e-type=\"column\">\n\t\t\t<div class=\"elementor-widget-wrap elementor-element-populated\">\n\t\t\t\t\t\t<div class=\"elementor-element elementor-element-b529cad elementor-widget elementor-widget-heading\" data-id=\"b529cad\" data-element_type=\"widget\" data-e-type=\"widget\" data-widget_type=\"heading.default\">\n\t\t\t\t<div class=\"elementor-widget-container\">\n\t\t\t\t\t<h1 class=\"elementor-heading-title elementor-size-default\">Escola de Capoeira -Educa\u00e7\u00e3o<\/h1>\t\t\t\t<\/div>\n\t\t\t\t<\/div>\n\t\t\t\t<div class=\"elementor-element elementor-element-37a596a elementor-widget elementor-widget-text-editor\" data-id=\"37a596a\" data-element_type=\"widget\" data-e-type=\"widget\" data-widget_type=\"text-editor.default\">\n\t\t\t\t<div class=\"elementor-widget-container\">\n\t\t\t\t\t\t\t\t\t<p>Juntos vamos construir a mudan\u00e7a de vida para as crian\u00e7as no Brasil! Ajude a apoiar o programa da Escola de Capoeira-Educa\u00e7\u00e3o, na qual os jovens poder\u00e3o desenvolver todo o potencial que t\u00eam dentro de si!<\/p>\t\t\t\t\t\t\t\t<\/div>\n\t\t\t\t<\/div>\n\t\t\t\t\t<\/div>\n\t\t<\/div>\n\t\t\t\t<div class=\"elementor-column elementor-col-50 elementor-top-column elementor-element elementor-element-52b0601\" data-id=\"52b0601\" data-element_type=\"column\" data-e-type=\"column\">\n\t\t\t<div class=\"elementor-widget-wrap elementor-element-populated\">\n\t\t\t\t\t\t<div class=\"elementor-element elementor-element-1a1a177 elementor-widget elementor-widget-video\" data-id=\"1a1a177\" data-element_type=\"widget\" data-e-type=\"widget\" data-settings=\"{&quot;youtube_url&quot;:&quot;https:\\\/\\\/www.youtube.com\\\/watch?v=C3xIuRKvQU0&quot;,&quot;video_type&quot;:&quot;youtube&quot;,&quot;controls&quot;:&quot;yes&quot;}\" data-widget_type=\"video.default\">\n\t\t\t\t<div class=\"elementor-widget-container\">\n\t\t\t\t\t\t\t<div class=\"elementor-wrapper elementor-open-inline\">\n\t\t\t<div class=\"elementor-video\"><\/div>\t\t<\/div>\n\t\t\t\t\t\t<\/div>\n\t\t\t\t<\/div>\n\t\t\t\t\t<\/div>\n\t\t<\/div>\n\t\t\t\t\t<\/div>\n\t\t<\/section>\n\t\t\t\t<section class=\"elementor-section elementor-top-section elementor-element elementor-element-8975d42 elementor-section-boxed elementor-section-height-default elementor-section-height-default\" data-id=\"8975d42\" data-element_type=\"section\" data-e-type=\"section\">\n\t\t\t\t\t\t<div class=\"elementor-container elementor-column-gap-default\">\n\t\t\t\t\t<div class=\"elementor-column elementor-col-100 elementor-top-column elementor-element elementor-element-40ba433\" data-id=\"40ba433\" data-element_type=\"column\" data-e-type=\"column\">\n\t\t\t<div class=\"elementor-widget-wrap elementor-element-populated\">\n\t\t\t\t\t\t<section class=\"elementor-section elementor-inner-section elementor-element elementor-element-205da0d elementor-section-boxed elementor-section-height-default elementor-section-height-default\" data-id=\"205da0d\" data-element_type=\"section\" data-e-type=\"section\">\n\t\t\t\t\t\t<div class=\"elementor-container elementor-column-gap-default\">\n\t\t\t\t\t<div class=\"elementor-column elementor-col-50 elementor-inner-column elementor-element elementor-element-c6ea094\" data-id=\"c6ea094\" data-element_type=\"column\" data-e-type=\"column\">\n\t\t\t<div class=\"elementor-widget-wrap elementor-element-populated\">\n\t\t\t\t\t\t<div class=\"elementor-element elementor-element-762caf9 elementor-widget elementor-widget-heading\" data-id=\"762caf9\" data-element_type=\"widget\" data-e-type=\"widget\" data-widget_type=\"heading.default\">\n\t\t\t\t<div class=\"elementor-widget-container\">\n\t\t\t\t\t<h5 class=\"elementor-heading-title elementor-size-default\">Voc\u00ea faz parte disso!<\/h5>\t\t\t\t<\/div>\n\t\t\t\t<\/div>\n\t\t\t\t\t<\/div>\n\t\t<\/div>\n\t\t\t\t<div class=\"elementor-column elementor-col-50 elementor-inner-column elementor-element elementor-element-0642cf6\" data-id=\"0642cf6\" data-element_type=\"column\" data-e-type=\"column\">\n\t\t\t<div class=\"elementor-widget-wrap\">\n\t\t\t\t\t\t\t<\/div>\n\t\t<\/div>\n\t\t\t\t\t<\/div>\n\t\t<\/section>\n\t\t\t\t\t<\/div>\n\t\t<\/div>\n\t\t\t\t\t<\/div>\n\t\t<\/section>\n\t\t\t\t<section class=\"elementor-section elementor-top-section elementor-element elementor-element-b97e8c7 elementor-section-boxed elementor-section-height-default elementor-section-height-default\" data-id=\"b97e8c7\" data-element_type=\"section\" data-e-type=\"section\">\n\t\t\t\t\t\t<div class=\"elementor-container elementor-column-gap-default\">\n\t\t\t\t\t<div class=\"elementor-column elementor-col-100 elementor-top-column elementor-element elementor-element-22fc979\" data-id=\"22fc979\" data-element_type=\"column\" data-e-type=\"column\">\n\t\t\t<div class=\"elementor-widget-wrap\">\n\t\t\t\t\t\t\t<\/div>\n\t\t<\/div>\n\t\t\t\t\t<\/div>\n\t\t<\/section>\n\t\t\t\t<section class=\"elementor-section elementor-top-section elementor-element elementor-element-70701db elementor-section-boxed elementor-section-height-default elementor-section-height-default\" data-id=\"70701db\" data-element_type=\"section\" data-e-type=\"section\">\n\t\t\t\t\t\t<div class=\"elementor-container elementor-column-gap-default\">\n\t\t\t\t\t<div class=\"elementor-column elementor-col-66 elementor-top-column elementor-element elementor-element-20ff801\" data-id=\"20ff801\" data-element_type=\"column\" data-e-type=\"column\">\n\t\t\t<div class=\"elementor-widget-wrap elementor-element-populated\">\n\t\t\t\t\t\t<div class=\"elementor-element elementor-element-a619c2d elementor-widget elementor-widget-heading\" data-id=\"a619c2d\" data-element_type=\"widget\" data-e-type=\"widget\" data-widget_type=\"heading.default\">\n\t\t\t\t<div class=\"elementor-widget-container\">\n\t\t\t\t\t<h3 class=\"elementor-heading-title elementor-size-default\">Escola de Capoeira-Educa\u00e7\u00e3o<\/h3>\t\t\t\t<\/div>\n\t\t\t\t<\/div>\n\t\t\t\t<div class=\"elementor-element elementor-element-3abb484 elementor-widget elementor-widget-text-editor\" data-id=\"3abb484\" data-element_type=\"widget\" data-e-type=\"widget\" data-widget_type=\"text-editor.default\">\n\t\t\t\t<div class=\"elementor-widget-container\">\n\t\t\t\t\t\t\t\t\t<p>Ol\u00e1! Eu sou o IBCE! Na verdade, n\u00f3s somos o IBCE, o Instituto Brasileiro de Capoeira-Educa\u00e7\u00e3o, localizado no morro da Babil\u00f4nia, no RJ<\/p><p>Eu digo &#8220;n\u00f3s&#8221; porque voc\u00ea tamb\u00e9m faz parte desse sonho!<\/p><p>Nossa miss\u00e3o \u00e9 fazer a diferen\u00e7a na vida de jovens que vivem em situa\u00e7\u00e3o de risco social<\/p><p>Trabalhamos com adolescentes encarcerados, com a popula\u00e7\u00e3o em situa\u00e7\u00e3o de rua, com pessoas com problemas psiqui\u00e1tricos e tamb\u00e9m com crian\u00e7as com defici\u00eancias ou<br \/>de baixa renda nas escolas, nas favelas, e nas ocupa\u00e7\u00f5es populares da cidade do RJ<\/p><p>Servimos comida para quem tem fome, roupa para quem tem frio e afeto para quem se sente sozinho e invisibilizado!<\/p><p>Mas agora est\u00e1 na hora de dar um novo passo, que \u00e9 montar um programa de capoeira-educa\u00e7\u00e3o dentro da nossa sede, na qual os jovens aprender\u00e3o a capoeira como instrumento de desenvolvimento humano, tendo acesso a outros conhecimentos essenciais para a vida, como leitura e inclus\u00e3o digital!<\/p><p>\u00c9 a capoeira como porta de entrada para um mundo muito maior.<\/p><p>No fim desse processo, esses jovens se tornar\u00e3o multiplicadores e iniciar\u00e3o novos projetos! Mas para isso, precisamos da sua ajuda! Clique no link abaixo e fa\u00e7a a sua doa\u00e7\u00e3o! Contribua agora e compartilhe esse v\u00eddeo com sua rede!<\/p>\t\t\t\t\t\t\t\t<\/div>\n\t\t\t\t<\/div>\n\t\t\t\t<div class=\"elementor-element elementor-element-bbdb09c elementor-widget elementor-widget-text-editor\" data-id=\"bbdb09c\" data-element_type=\"widget\" data-e-type=\"widget\" data-widget_type=\"text-editor.default\">\n\t\t\t\t<div class=\"elementor-widget-container\">\n\t\t\t\t\t\t\t\t\t<p><strong>Qual \u00e9 o prop\u00f3sito desta campanha de financiamento?<\/strong><br \/>O objetivo da campanha \u00e9 levantar fundos para implementar um programa de um ano de Capoeira-Educa\u00e7\u00e3o para 16 adolescentes economicamente desfavorecidos.<\/p>\t\t\t\t\t\t\t\t<\/div>\n\t\t\t\t<\/div>\n\t\t\t\t<div class=\"elementor-element elementor-element-cb575f9 elementor-widget elementor-widget-text-editor\" data-id=\"cb575f9\" data-element_type=\"widget\" data-e-type=\"widget\" data-widget_type=\"text-editor.default\">\n\t\t\t\t<div class=\"elementor-widget-container\">\n\t\t\t\t\t\t\t\t\t<p><strong>Como o programa ser\u00e1 apresentado aos participantes e suas fam\u00edlias?<\/strong><br \/>Os candidatos &#8211; tanto rapazes como mo\u00e7as &#8211; juntamente com suas fam\u00edlias, participar\u00e3o de uma sess\u00e3o de informa\u00e7\u00e3o para conhecer a log\u00edstica e as expectativas do programa, incluindo os compromissos necess\u00e1rios, a dura\u00e7\u00e3o do programa e o apoio financeiro que receber\u00e3o.<\/p>\t\t\t\t\t\t\t\t<\/div>\n\t\t\t\t<\/div>\n\t\t\t\t<div class=\"elementor-element elementor-element-4390e7d elementor-widget elementor-widget-text-editor\" data-id=\"4390e7d\" data-element_type=\"widget\" data-e-type=\"widget\" data-widget_type=\"text-editor.default\">\n\t\t\t\t<div class=\"elementor-widget-container\">\n\t\t\t\t\t\t\t\t\t<p><strong>O que ser\u00e1 esperado dos adolescentes?<br \/><\/strong>Ser\u00e1 necess\u00e1ria a participa\u00e7\u00e3o em todas as aulas e sess\u00f5es de treinamento, para que os participantes possam melhorar suas habilidades e acelerar seu processo de aprendizagem.<\/p>\t\t\t\t\t\t\t\t<\/div>\n\t\t\t\t<\/div>\n\t\t\t\t<div class=\"elementor-element elementor-element-06cfaf4 elementor-widget elementor-widget-text-editor\" data-id=\"06cfaf4\" data-element_type=\"widget\" data-e-type=\"widget\" data-widget_type=\"text-editor.default\">\n\t\t\t\t<div class=\"elementor-widget-container\">\n\t\t\t\t\t\t\t\t\t<p><strong>Quem ser\u00e3o os professores?<\/strong><br \/>Todos os professores de capoeira s\u00e3o especialistas em capoeira-educa\u00e7\u00e3o e educadores extras podem ser chamados para aulas espec\u00edficas, como linguagem ou habilidades de inform\u00e1tica.<\/p>\t\t\t\t\t\t\t\t<\/div>\n\t\t\t\t<\/div>\n\t\t\t\t<div class=\"elementor-element elementor-element-9e5ee2a elementor-widget elementor-widget-text-editor\" data-id=\"9e5ee2a\" data-element_type=\"widget\" data-e-type=\"widget\" data-widget_type=\"text-editor.default\">\n\t\t\t\t<div class=\"elementor-widget-container\">\n\t\t\t\t\t\t\t\t\t<p><strong>Quanto tempo levar\u00e1?<\/strong><br \/>O programa de treinamento ter\u00e1 a dura\u00e7\u00e3o de um ano, durante 2023. Ap\u00f3s o t\u00e9rmino do programa de um ano, os participantes ser\u00e3o apoiados para lan\u00e7ar seus pr\u00f3prios programas sociais de capoeira, atendendo crian\u00e7as pequenas em diferentes favelas e escolas.<\/p>\t\t\t\t\t\t\t\t<\/div>\n\t\t\t\t<\/div>\n\t\t\t\t<div class=\"elementor-element elementor-element-5df9e49 elementor-widget elementor-widget-text-editor\" data-id=\"5df9e49\" data-element_type=\"widget\" data-e-type=\"widget\" data-widget_type=\"text-editor.default\">\n\t\t\t\t<div class=\"elementor-widget-container\">\n\t\t\t\t\t\t\t\t\t<p><strong>Que habilidades eles desenvolver\u00e3o?<br \/><\/strong>Al\u00e9m das habilidades f\u00edsicas, sociais, culturais e musicais diretamente relacionadas com a capoeira, o curr\u00edculo incorporar\u00e1 matem\u00e1tica, f\u00edsica, comunica\u00e7\u00e3o, geografia, l\u00edngua inglesa, inform\u00e1tica e habilidades de m\u00eddia social.<\/p>\t\t\t\t\t\t\t\t<\/div>\n\t\t\t\t<\/div>\n\t\t\t\t<div class=\"elementor-element elementor-element-169cba3 elementor-widget elementor-widget-text-editor\" data-id=\"169cba3\" data-element_type=\"widget\" data-e-type=\"widget\" data-widget_type=\"text-editor.default\">\n\t\t\t\t<div class=\"elementor-widget-container\">\n\t\t\t\t\t\t\t\t\t<p><strong>O que \u00e9 a Escola de Capoeira-Educa\u00e7\u00e3o?<br \/><\/strong>A miss\u00e3o da Escola de Capoeira-Educa\u00e7\u00e3o \u00e9 ajudar crian\u00e7as e adolescentes de baixa condi\u00e7\u00e3o socioecon\u00f4mica a desenvolverem seu pleno potencial, permitindo o acesso a experi\u00eancias f\u00edsicas, sociais, culturais e musicais em um ambiente rico em est\u00edmulos e seguro para a aprendizagem.<\/p>\t\t\t\t\t\t\t\t<\/div>\n\t\t\t\t<\/div>\n\t\t\t\t<div class=\"elementor-element elementor-element-4ecba3f elementor-widget elementor-widget-text-editor\" data-id=\"4ecba3f\" data-element_type=\"widget\" data-e-type=\"widget\" data-widget_type=\"text-editor.default\">\n\t\t\t\t<div class=\"elementor-widget-container\">\n\t\t\t\t\t\t\t\t\t<p><strong>Onde ela est\u00e1 localizada?<br \/><\/strong>A escola est\u00e1 localizada no Morro da Babil\u00f4nia, ao lado do bairro de Copacabana. Essa proximidade ressalta ainda mais as discrep\u00e2ncias sociais brasileiras.\u00a0<\/p>\t\t\t\t\t\t\t\t<\/div>\n\t\t\t\t<\/div>\n\t\t\t\t<div class=\"elementor-element elementor-element-ff0eaa4 elementor-widget elementor-widget-text-editor\" data-id=\"ff0eaa4\" data-element_type=\"widget\" data-e-type=\"widget\" data-widget_type=\"text-editor.default\">\n\t\t\t\t<div class=\"elementor-widget-container\">\n\t\t\t\t\t\t\t\t\t<p><strong>O que minha doa\u00e7\u00e3o vai apoiar?<\/strong><br \/>Sua doa\u00e7\u00e3o ajudar\u00e1 a financiar o programa de Capoeira-Educa\u00e7\u00e3o, que ir\u00e1 apoiar o aprendizado e o crescimento de crian\u00e7as e adolescentes. Este programa utiliza a arte da capoeira como uma uma tecnologia social de desenvolvimento humano. \u00c9 de baixo custo, altamente eficaz e facilmente replic\u00e1vel.<\/p>\t\t\t\t\t\t\t\t<\/div>\n\t\t\t\t<\/div>\n\t\t\t\t<div class=\"elementor-element elementor-element-26602bc elementor-widget elementor-widget-text-editor\" data-id=\"26602bc\" data-element_type=\"widget\" data-e-type=\"widget\" data-widget_type=\"text-editor.default\">\n\t\t\t\t<div class=\"elementor-widget-container\">\n\t\t\t\t\t\t\t\t\t<p><strong>Que projetos voc\u00ea j\u00e1 realiza?<br \/><\/strong>Mestre Omri Ferradura, diretor do IBCE, \u00e9 capoeira-educador desde adolescente e em 2017 decidiu abrir uma ONG para organizar todos os projetos! Assim, h\u00e1 mais de 5 anos, o IBCE (Instituto Brasileiro de Capoeira-Educa\u00e7\u00e3o) vem promovendo a inclus\u00e3o e o desenvolvimento humano atrav\u00e9s da capoeira em diferentes ambientes: em pris\u00f5es para jovens encarcerados, em favelas, com crian\u00e7as deficientes, com os sem-teto, LGBT+ e tamb\u00e9m com pacientes psiqui\u00e1tricos em hospitais.<\/p>\t\t\t\t\t\t\t\t<\/div>\n\t\t\t\t<\/div>\n\t\t\t\t<div class=\"elementor-element elementor-element-c305c9c elementor-widget elementor-widget-text-editor\" data-id=\"c305c9c\" data-element_type=\"widget\" data-e-type=\"widget\" data-widget_type=\"text-editor.default\">\n\t\t\t\t<div class=\"elementor-widget-container\">\n\t\t\t\t\t\t\t\t\t<p><strong>Como poderei acompanhar o progresso do projeto?<\/strong> <br \/>Voc\u00ea ter\u00e1 acesso aos resultados desde o primeiro dia, pois os adolescentes ser\u00e3o os protagonistas do programa, desenvolvendo relat\u00f3rios, filmando seu pr\u00f3prio progresso e compartilhando-o em nosso site, nas redes sociais e no boletim informativo.<\/p>\t\t\t\t\t\t\t\t<\/div>\n\t\t\t\t<\/div>\n\t\t\t\t\t<\/div>\n\t\t<\/div>\n\t\t\t\t<div class=\"elementor-column elementor-col-33 elementor-top-column elementor-element elementor-element-b6c6c93\" data-id=\"b6c6c93\" data-element_type=\"column\" data-e-type=\"column\">\n\t\t\t<div class=\"elementor-widget-wrap elementor-element-populated\">\n\t\t\t\t\t\t<div class=\"elementor-element elementor-element-2c0f4b2 elementor-widget elementor-widget-image\" data-id=\"2c0f4b2\" data-element_type=\"widget\" data-e-type=\"widget\" data-widget_type=\"image.default\">\n\t\t\t\t<div class=\"elementor-widget-container\">\n\t\t\t\t\t\t\t\t\t\t\t\t\t\t\t<img fetchpriority=\"high\" decoding=\"async\" width=\"400\" height=\"400\" src=\"https:\/\/capoeiraibce.org\/wp-content\/uploads\/2020\/12\/58d7d27dd22ab-bpfull.webp\" class=\"attachment-full size-full wp-image-509\" alt=\"\" srcset=\"https:\/\/capoeiraibce.org\/wp-content\/uploads\/2020\/12\/58d7d27dd22ab-bpfull.webp 400w, https:\/\/capoeiraibce.org\/wp-content\/uploads\/2020\/12\/58d7d27dd22ab-bpfull-300x300.webp 300w, https:\/\/capoeiraibce.org\/wp-content\/uploads\/2020\/12\/58d7d27dd22ab-bpfull-200x200.webp 200w, https:\/\/capoeiraibce.org\/wp-content\/uploads\/2020\/12\/58d7d27dd22ab-bpfull-12x12.webp 12w\" sizes=\"(max-width: 400px) 100vw, 400px\" \/>\t\t\t\t\t\t\t\t\t\t\t\t\t\t\t<\/div>\n\t\t\t\t<\/div>\n\t\t\t\t<div class=\"elementor-element elementor-element-485c307 elementor-widget elementor-widget-text-editor\" data-id=\"485c307\" data-element_type=\"widget\" data-e-type=\"widget\" data-widget_type=\"text-editor.default\">\n\t\t\t\t<div class=\"elementor-widget-container\">\n\t\t\t\t\t\t\t\t\t<p>Hello! I am the IBCE! Actually, WE are the IBCE, the Brazilian Institute of Capoeira Education, located at a slum called Babylon in RJ.<\/p><p><b><span style=\"font-style: inherit; color: var( --e-global-color-5b60b59d ); font-family: var( --e-global-typography-text-font-family ), Sans-serif;\">I say \u201cwe\u201d because you are a part of this dream too!<\/span><br \/><\/b><\/p><p><span style=\"font-style: inherit; font-weight: inherit; color: var( --e-global-color-5b60b59d ); font-family: var( --e-global-typography-text-font-family ), Sans-serif;\">Our mission is to make a contribution to the lives of at-risk youth in our community.<\/span><\/p><p>We work directly with incarcerated youth, the homeless, people in psychiatric hospitals, children with disabilities, and children from lower economic status, including the youth in favelas or slums in downtown Rio de Janeiro.<\/p><p><span style=\"font-style: inherit; font-weight: inherit; color: var( --e-global-color-5b60b59d ); font-family: var( --e-global-typography-text-font-family ), Sans-serif;\">We provide food to the hungry, clothes to those in need, and affection to those who are lonely and in need of love.<\/span><\/p><p><span style=\"font-style: inherit; font-weight: inherit; color: var( --e-global-color-5b60b59d ); font-family: var( --e-global-typography-text-font-family ), Sans-serif;\">And now it\u2019s time for the next step, which is to implement a program of capoeira-education in our own community, through which our youth will have access to capoeira as a tool for human development, acquiring essential life-skills, such as reading and digital literacy.<\/span><\/p><p><b style=\"font-style: inherit; color: var( --e-global-color-5b60b59d ); font-family: var( --e-global-typography-text-font-family ), Sans-serif;\">It\u2019s capoeira as a doorway to a much bigger world!<\/b><\/p><p><span style=\"font-style: inherit; font-weight: inherit; color: var( --e-global-color-5b60b59d ); font-family: var( --e-global-typography-text-font-family ), Sans-serif;\">Let\u2019s make this dream come true together! Be a part of this IBCE project, make your contribution now and share this link with your network!<\/span><\/p>\t\t\t\t\t\t\t\t<\/div>\n\t\t\t\t<\/div>\n\t\t\t\t<div class=\"elementor-element elementor-element-a140586 elementor-widget elementor-widget-heading\" data-id=\"a140586\" data-element_type=\"widget\" data-e-type=\"widget\" data-widget_type=\"heading.default\">\n\t\t\t\t<div class=\"elementor-widget-container\">\n\t\t\t\t\t<h5 class=\"elementor-heading-title elementor-size-default\">Recompensas<\/h5>\t\t\t\t<\/div>\n\t\t\t\t<\/div>\n\t\t\t\t<div class=\"elementor-element elementor-element-d45f0d8 elementor-widget elementor-widget-text-editor\" data-id=\"d45f0d8\" data-element_type=\"widget\" data-e-type=\"widget\" data-widget_type=\"text-editor.default\">\n\t\t\t\t<div class=\"elementor-widget-container\">\n\t\t\t\t\t\t\t\t\t<p><strong>T-shirt do IBCE\u00a0<\/strong>$ 50.00<br \/><span style=\"font-style: inherit; font-weight: inherit; color: var( --e-global-color-text ); font-family: var( --e-global-typography-text-font-family ), Sans-serif;\">Enviaremos nossa T-shirt para sua casa!<br \/><span style=\"color: #ff0000;\"><a style=\"color: #ff0000;\" href=\"#donatenow\">&gt;&gt;&gt; Donate now<\/a><\/span><\/span><\/p>\t\t\t\t\t\t\t\t<\/div>\n\t\t\t\t<\/div>\n\t\t\t\t<div class=\"elementor-element elementor-element-9f750c8 elementor-widget elementor-widget-text-editor\" data-id=\"9f750c8\" data-element_type=\"widget\" data-e-type=\"widget\" data-widget_type=\"text-editor.default\">\n\t\t\t\t<div class=\"elementor-widget-container\">\n\t\t\t\t\t\t\t\t\t<p><strong>Online com Mestre Ferradura<\/strong> $100.00<br \/>Agende uma conversa privada com Mestre Ferradura!<br \/><span style=\"font-style: inherit; font-weight: inherit; color: var( --e-global-color-text ); font-family: var( --e-global-typography-text-font-family ), Sans-serif;\"><span style=\"color: #ff0000;\"><a style=\"color: #ff0000;\" href=\"#donatenow\">&gt;&gt;&gt; Donate now<\/a><\/span><\/span><\/p>\t\t\t\t\t\t\t\t<\/div>\n\t\t\t\t<\/div>\n\t\t\t\t<div class=\"elementor-element elementor-element-4b5ede8 elementor-widget elementor-widget-text-editor\" data-id=\"4b5ede8\" data-element_type=\"widget\" data-e-type=\"widget\" data-widget_type=\"text-editor.default\">\n\t\t\t\t<div class=\"elementor-widget-container\">\n\t\t\t\t\t\t\t\t\t<p><span style=\"font-style: inherit; font-weight: inherit; color: var( --e-global-color-text ); font-family: var( --e-global-typography-text-font-family ), Sans-serif;\"><strong>Treinamento no Rio <\/strong>$150.00<br \/>Participe de todas nossas aulas no RJ, de crian\u00e7as e de adultos!<br \/><span style=\"color: #ff0000;\"><a style=\"color: #ff0000;\" href=\"#donatenow\">&gt;&gt;&gt; Donate now<\/a><\/span><\/span><\/p>\t\t\t\t\t\t\t\t<\/div>\n\t\t\t\t<\/div>\n\t\t\t\t<div class=\"elementor-element elementor-element-5d1c032 elementor-widget elementor-widget-text-editor\" data-id=\"5d1c032\" data-element_type=\"widget\" data-e-type=\"widget\" data-widget_type=\"text-editor.default\">\n\t\t\t\t<div class=\"elementor-widget-container\">\n\t\t\t\t\t\t\t\t\t<p><span style=\"font-style: inherit; font-weight: inherit; color: var( --e-global-color-text ); font-family: var( --e-global-typography-text-font-family ), Sans-serif;\"><strong>Stay in Rio <\/strong>$300.00<br \/>Hospede-se conosco no RJ por uma semana!\u00a0<br \/><span style=\"color: #ff0000;\"><a style=\"color: #ff0000;\" href=\"#donatenow\">&gt;&gt;&gt; Donate now<\/a><\/span><\/span><\/p>\t\t\t\t\t\t\t\t<\/div>\n\t\t\t\t<\/div>\n\t\t\t\t<div class=\"elementor-element elementor-element-6ac6eb2 elementor-widget elementor-widget-text-editor\" data-id=\"6ac6eb2\" data-element_type=\"widget\" data-e-type=\"widget\" data-widget_type=\"text-editor.default\">\n\t\t\t\t<div class=\"elementor-widget-container\">\n\t\t\t\t\t\t\t\t\t<p><span style=\"font-style: inherit; font-weight: inherit; color: var( --e-global-color-text ); font-family: var( --e-global-typography-text-font-family ), Sans-serif;\"><strong>Workshop no seu evento <\/strong>$1000.00<br \/>Mestre Ferradura dar\u00e1 um workshop no seu evento e voc\u00ea custar\u00e1 somente o transporte!\u00a0<br \/><span style=\"color: #ff0000;\"><a style=\"color: #ff0000;\" href=\"#donatenow\">&gt;&gt;&gt; Donate now<\/a><\/span><\/span><\/p>\t\t\t\t\t\t\t\t<\/div>\n\t\t\t\t<\/div>\n\t\t\t\t\t<\/div>\n\t\t<\/div>\n\t\t\t\t\t<\/div>\n\t\t<\/section>\n\t\t\t\t<section class=\"elementor-section elementor-top-section elementor-element elementor-element-543a180 elementor-section-boxed elementor-section-height-default elementor-section-height-default\" data-id=\"543a180\" data-element_type=\"section\" data-e-type=\"section\">\n\t\t\t\t\t\t<div class=\"elementor-container elementor-column-gap-default\">\n\t\t\t\t\t<div class=\"elementor-column elementor-col-100 elementor-top-column elementor-element elementor-element-7039a2b\" data-id=\"7039a2b\" data-element_type=\"column\" data-e-type=\"column\">\n\t\t\t<div class=\"elementor-widget-wrap elementor-element-populated\">\n\t\t\t\t\t\t<div class=\"elementor-element elementor-element-0e02594 elementor-widget elementor-widget-heading\" data-id=\"0e02594\" data-element_type=\"widget\" data-e-type=\"widget\" data-widget_type=\"heading.default\">\n\t\t\t\t<div class=\"elementor-widget-container\">\n\t\t\t\t\t<h3 class=\"elementor-heading-title elementor-size-default\">Mural de Doadores<\/h3>\t\t\t\t<\/div>\n\t\t\t\t<\/div>\n\t\t\t\t<div class=\"elementor-element elementor-element-e442e1c elementor-widget elementor-widget-shortcode\" data-id=\"e442e1c\" data-element_type=\"widget\" data-e-type=\"widget\" data-widget_type=\"shortcode.default\">\n\t\t\t\t<div class=\"elementor-widget-container\">\n\t\t\t\t\t\t\t<div class=\"elementor-shortcode\">[give_donor_wall]<\/div>\n\t\t\t\t\t\t<\/div>\n\t\t\t\t<\/div>\n\t\t\t\t\t<\/div>\n\t\t<\/div>\n\t\t\t\t\t<\/div>\n\t\t<\/section>\n\t\t\t\t<\/div>\n\t\t","protected":false},"excerpt":{"rendered":"<p>Escola de Capoeira -Educa\u00e7\u00e3o Juntos vamos construir a mudan\u00e7a de vida para as crian\u00e7as no Brasil! Ajude a apoiar o programa da Escola de Capoeira-Educa\u00e7\u00e3o, na qual os jovens poder\u00e3o desenvolver todo o potencial que t\u00eam dentro de si! https:\/\/www.youtube.com\/watch?v=C3xIuRKvQU0 Voc\u00ea faz parte disso! Doar agora! Fechar&times; &#036;5,649 de &#036;10,000 arrecadados Escola de Capoeira-Educa\u00e7\u00e3o Ol\u00e1! [&hellip;]<\/p>\n","protected":false},"author":3,"featured_media":0,"parent":0,"menu_order":0,"comment_status":"closed","ping_status":"closed","template":"elementor_header_footer","meta":{"footnotes":""},"class_list":["post-1526","page","type-page","status-publish","hentry"],"blocksy_meta":[],"_links":{"self":[{"href":"https:\/\/capoeiraibce.org\/en\/wp-json\/wp\/v2\/pages\/1526","targetHints":{"allow":["GET"]}}],"collection":[{"href":"https:\/\/capoeiraibce.org\/en\/wp-json\/wp\/v2\/pages"}],"about":[{"href":"https:\/\/capoeiraibce.org\/en\/wp-json\/wp\/v2\/types\/page"}],"author":[{"embeddable":true,"href":"https:\/\/capoeiraibce.org\/en\/wp-json\/wp\/v2\/users\/3"}],"replies":[{"embeddable":true,"href":"https:\/\/capoeiraibce.org\/en\/wp-json\/wp\/v2\/comments?post=1526"}],"version-history":[{"count":0,"href":"https:\/\/capoeiraibce.org\/en\/wp-json\/wp\/v2\/pages\/1526\/revisions"}],"wp:attachment":[{"href":"https:\/\/capoeiraibce.org\/en\/wp-json\/wp\/v2\/media?parent=1526"}],"curies":[{"name":"wp","href":"https:\/\/api.w.org\/{rel}","templated":true}]}}